{"id":589,"date":"2025-07-15T06:45:42","date_gmt":"2025-07-15T06:45:42","guid":{"rendered":"https:\/\/www.eastgateh2v.eu\/?page_id=589"},"modified":"2025-07-15T06:46:33","modified_gmt":"2025-07-15T06:46:33","slug":"scientific-publications","status":"publish","type":"page","link":"https:\/\/www.eastgateh2v.eu\/sk\/scientific-publications\/","title":{"rendered":"Vedeck\u00e9 publik\u00e1cie"},"content":{"rendered":"<div data-elementor-type=\"wp-page\" data-elementor-id=\"589\" class=\"elementor elementor-589\">\n\t\t\t\t\t\t<section class=\"elementor-section elementor-top-section elementor-element elementor-element-2532b26 elementor-section-boxed elementor-section-height-default elementor-section-height-default\" data-id=\"2532b26\" data-element_type=\"section\">\n\t\t\t\t\t\t<div class=\"elementor-container elementor-column-gap-no\">\n\t\t\t\t\t<div class=\"elementor-column elementor-col-100 elementor-top-column elementor-element elementor-element-bfafbf9\" data-id=\"bfafbf9\" data-element_type=\"column\">\n\t\t\t<div class=\"elementor-widget-wrap elementor-element-populated\">\n\t\t\t\t\t\t<div class=\"elementor-element elementor-element-66abf6a elementor-widget elementor-widget-heading\" data-id=\"66abf6a\" data-element_type=\"widget\" data-widget_type=\"heading.default\">\n\t\t\t\t\t<h3 class=\"elementor-heading-title elementor-size-default\">Vedeck\u00e9 publik\u00e1cie<\/h3>\t\t\t\t<\/div>\n\t\t\t\t<div class=\"elementor-element elementor-element-46feff5 elementor-widget elementor-widget-text-editor\" data-id=\"46feff5\" data-element_type=\"widget\" data-widget_type=\"text-editor.default\">\n\t\t\t\t\t\t\t\t\t<p><strong>Otvoren\u00e1 kni\u017enica vedeck\u00fdch \u010dl\u00e1nkov, konferen\u010dn\u00fdch pr\u00edspevkov a technick\u00fdch \u0161t\u00fadi\u00ed vo vo\u013ene dostupnom re\u017eime.<\/strong><\/p>\t\t\t\t\t\t\t\t<\/div>\n\t\t\t\t<div class=\"elementor-element elementor-element-e2db98a elementor-widget-divider--view-line elementor-widget elementor-widget-divider\" data-id=\"e2db98a\" data-element_type=\"widget\" data-widget_type=\"divider.default\">\n\t\t\t\t\t\t\t<div class=\"elementor-divider\">\n\t\t\t<span class=\"elementor-divider-separator\">\n\t\t\t\t\t\t<\/span>\n\t\t<\/div>\n\t\t\t\t\t\t<\/div>\n\t\t\t\t\t<\/div>\n\t\t<\/div>\n\t\t\t\t\t<\/div>\n\t\t<\/section>\n\t\t\t\t<\/div>","protected":false},"excerpt":{"rendered":"<p>Scientific Publications Open-access library of research articles, conference proceedings, and technical papers.<\/p>","protected":false},"author":1,"featured_media":0,"parent":0,"menu_order":0,"comment_status":"closed","ping_status":"closed","template":"elementor_canvas","meta":{"footnotes":""},"class_list":["post-589","page","type-page","status-publish","hentry"],"_links":{"self":[{"href":"https:\/\/www.eastgateh2v.eu\/sk\/wp-json\/wp\/v2\/pages\/589","targetHints":{"allow":["GET"]}}],"collection":[{"href":"https:\/\/www.eastgateh2v.eu\/sk\/wp-json\/wp\/v2\/pages"}],"about":[{"href":"https:\/\/www.eastgateh2v.eu\/sk\/wp-json\/wp\/v2\/types\/page"}],"author":[{"embeddable":true,"href":"https:\/\/www.eastgateh2v.eu\/sk\/wp-json\/wp\/v2\/users\/1"}],"replies":[{"embeddable":true,"href":"https:\/\/www.eastgateh2v.eu\/sk\/wp-json\/wp\/v2\/comments?post=589"}],"version-history":[{"count":4,"href":"https:\/\/www.eastgateh2v.eu\/sk\/wp-json\/wp\/v2\/pages\/589\/revisions"}],"predecessor-version":[{"id":596,"href":"https:\/\/www.eastgateh2v.eu\/sk\/wp-json\/wp\/v2\/pages\/589\/revisions\/596"}],"wp:attachment":[{"href":"https:\/\/www.eastgateh2v.eu\/sk\/wp-json\/wp\/v2\/media?parent=589"}],"curies":[{"name":"wp","href":"https:\/\/api.w.org\/{rel}","templated":true}]}}