{"id":564,"date":"2025-07-14T15:07:06","date_gmt":"2025-07-14T15:07:06","guid":{"rendered":"https:\/\/www.eastgateh2v.eu\/?page_id=564"},"modified":"2025-07-14T15:16:37","modified_gmt":"2025-07-14T15:16:37","slug":"media-kit","status":"publish","type":"page","link":"https:\/\/www.eastgateh2v.eu\/sk\/media-kit\/","title":{"rendered":"Media Kit"},"content":{"rendered":"<div data-elementor-type=\"wp-page\" data-elementor-id=\"564\" class=\"elementor elementor-564\">\n\t\t\t\t\t\t<section class=\"elementor-section elementor-top-section elementor-element elementor-element-2532b26 elementor-section-boxed elementor-section-height-default elementor-section-height-default\" data-id=\"2532b26\" data-element_type=\"section\">\n\t\t\t\t\t\t<div class=\"elementor-container elementor-column-gap-no\">\n\t\t\t\t\t<div class=\"elementor-column elementor-col-100 elementor-top-column elementor-element elementor-element-bfafbf9\" data-id=\"bfafbf9\" data-element_type=\"column\">\n\t\t\t<div class=\"elementor-widget-wrap elementor-element-populated\">\n\t\t\t\t\t\t<div class=\"elementor-element elementor-element-66abf6a elementor-widget elementor-widget-heading\" data-id=\"66abf6a\" data-element_type=\"widget\" data-widget_type=\"heading.default\">\n\t\t\t\t\t<h3 class=\"elementor-heading-title elementor-size-default\">Media Kit<\/h3>\t\t\t\t<\/div>\n\t\t\t\t<div class=\"elementor-element elementor-element-46feff5 elementor-widget elementor-widget-text-editor\" data-id=\"46feff5\" data-element_type=\"widget\" data-widget_type=\"text-editor.default\">\n\t\t\t\t\t\t\t\t\t<p><strong>Log\u00e1, obr\u00e1zky a k\u013e\u00fa\u010dov\u00e9 inform\u00e1cie pre m\u00e9di\u00e1 a partnerov<\/strong><\/p><p><strong><br \/>Z\u00edskajte pr\u00edstup k ofici\u00e1lnym log\u00e1m, projektov\u00fdm obr\u00e1zkom, factsheetom a propaga\u010dn\u00fdm materi\u00e1lom na podporu medi\u00e1lnej komunik\u00e1cie a zap\u00e1jania partnerov.<\/strong><\/p>\t\t\t\t\t\t\t\t<\/div>\n\t\t\t\t<div class=\"elementor-element elementor-element-e2db98a elementor-widget-divider--view-line elementor-widget elementor-widget-divider\" data-id=\"e2db98a\" data-element_type=\"widget\" data-widget_type=\"divider.default\">\n\t\t\t\t\t\t\t<div class=\"elementor-divider\">\n\t\t\t<span class=\"elementor-divider-separator\">\n\t\t\t\t\t\t<\/span>\n\t\t<\/div>\n\t\t\t\t\t\t<\/div>\n\t\t\t\t\t<\/div>\n\t\t<\/div>\n\t\t\t\t\t<\/div>\n\t\t<\/section>\n\t\t\t\t<section class=\"elementor-section elementor-top-section elementor-element elementor-element-74f0cb8 elementor-section-boxed elementor-section-height-default elementor-section-height-default\" data-id=\"74f0cb8\" data-element_type=\"section\">\n\t\t\t\t\t\t<div class=\"elementor-container elementor-column-gap-no\">\n\t\t\t\t\t<div class=\"elementor-column elementor-col-50 elementor-top-column elementor-element elementor-element-4db9504\" data-id=\"4db9504\" data-element_type=\"column\">\n\t\t\t<div class=\"elementor-widget-wrap elementor-element-populated\">\n\t\t\t\t\t\t<div class=\"elementor-element elementor-element-fb67aa5 elementor-widget elementor-widget-heading\" data-id=\"fb67aa5\" data-element_type=\"widget\" data-widget_type=\"heading.default\">\n\t\t\t\t\t<h3 class=\"elementor-heading-title elementor-size-default\">Logo<\/h3>\t\t\t\t<\/div>\n\t\t\t\t<div class=\"elementor-element elementor-element-09efd5a elementor-mobile-align-center elementor-widget elementor-widget-button\" data-id=\"09efd5a\" data-element_type=\"widget\" data-widget_type=\"button.default\">\n\t\t\t\t\t\t\t\t\t\t<a class=\"elementor-button elementor-button-link elementor-size-sm\" href=\"#\">\n\t\t\t\t\t\t<span class=\"elementor-button-content-wrapper\">\n\t\t\t\t\t\t\t\t\t<span class=\"elementor-button-text\">Stiahnu\u0165<\/span>\n\t\t\t\t\t<\/span>\n\t\t\t\t\t<\/a>\n\t\t\t\t\t\t\t\t<\/div>\n\t\t\t\t\t<\/div>\n\t\t<\/div>\n\t\t\t\t<div class=\"elementor-column elementor-col-50 elementor-top-column elementor-element elementor-element-5bbd859\" data-id=\"5bbd859\" data-element_type=\"column\">\n\t\t\t<div class=\"elementor-widget-wrap elementor-element-populated\">\n\t\t\t\t\t\t<section class=\"elementor-section elementor-inner-section elementor-element elementor-element-71ee508 elementor-section-boxed elementor-section-height-default elementor-section-height-default\" data-id=\"71ee508\" data-element_type=\"section\">\n\t\t\t\t\t\t<div class=\"elementor-container elementor-column-gap-no\">\n\t\t\t\t\t<div class=\"elementor-column elementor-col-50 elementor-inner-column elementor-element elementor-element-7f5ee8a\" data-id=\"7f5ee8a\" data-element_type=\"column\" data-settings=\"{&quot;background_background&quot;:&quot;classic&quot;}\">\n\t\t\t<div class=\"elementor-widget-wrap elementor-element-populated\">\n\t\t\t\t\t\t<div class=\"elementor-element elementor-element-6a7cdff elementor-widget elementor-widget-image\" data-id=\"6a7cdff\" data-element_type=\"widget\" data-widget_type=\"image.default\">\n\t\t\t\t\t\t\t\t\t\t\t\t\t\t\t<img fetchpriority=\"high\" decoding=\"async\" width=\"800\" height=\"450\" src=\"https:\/\/www.eastgateh2v.eu\/wp-content\/uploads\/2025\/07\/EASTGATE_logo_vert_color-1024x576.png\" class=\"attachment-large size-large wp-image-569\" alt=\"\" srcset=\"https:\/\/www.eastgateh2v.eu\/wp-content\/uploads\/2025\/07\/EASTGATE_logo_vert_color-1024x576.png 1024w, https:\/\/www.eastgateh2v.eu\/wp-content\/uploads\/2025\/07\/EASTGATE_logo_vert_color-300x169.png 300w, https:\/\/www.eastgateh2v.eu\/wp-content\/uploads\/2025\/07\/EASTGATE_logo_vert_color-768x432.png 768w, https:\/\/www.eastgateh2v.eu\/wp-content\/uploads\/2025\/07\/EASTGATE_logo_vert_color-1536x864.png 1536w, https:\/\/www.eastgateh2v.eu\/wp-content\/uploads\/2025\/07\/EASTGATE_logo_vert_color.png 1921w\" sizes=\"(max-width: 800px) 100vw, 800px\" \/>\t\t\t\t\t\t\t\t\t\t\t\t\t\t\t<\/div>\n\t\t\t\t<div class=\"elementor-element elementor-element-8d5335a elementor-widget elementor-widget-image\" data-id=\"8d5335a\" data-element_type=\"widget\" data-widget_type=\"image.default\">\n\t\t\t\t\t\t\t\t\t\t\t\t\t\t\t<img decoding=\"async\" width=\"800\" height=\"450\" src=\"https:\/\/www.eastgateh2v.eu\/wp-content\/uploads\/2025\/07\/EASTGATE_logo_hor_color-1024x576.png\" class=\"attachment-large size-large wp-image-572\" alt=\"\" srcset=\"https:\/\/www.eastgateh2v.eu\/wp-content\/uploads\/2025\/07\/EASTGATE_logo_hor_color-1024x576.png 1024w, https:\/\/www.eastgateh2v.eu\/wp-content\/uploads\/2025\/07\/EASTGATE_logo_hor_color-300x169.png 300w, https:\/\/www.eastgateh2v.eu\/wp-content\/uploads\/2025\/07\/EASTGATE_logo_hor_color-768x432.png 768w, https:\/\/www.eastgateh2v.eu\/wp-content\/uploads\/2025\/07\/EASTGATE_logo_hor_color-1536x864.png 1536w, https:\/\/www.eastgateh2v.eu\/wp-content\/uploads\/2025\/07\/EASTGATE_logo_hor_color.png 1920w\" sizes=\"(max-width: 800px) 100vw, 800px\" \/>\t\t\t\t\t\t\t\t\t\t\t\t\t\t\t<\/div>\n\t\t\t\t\t<\/div>\n\t\t<\/div>\n\t\t\t\t<div class=\"elementor-column elementor-col-50 elementor-inner-column elementor-element elementor-element-13ebca2\" data-id=\"13ebca2\" data-element_type=\"column\" data-settings=\"{&quot;background_background&quot;:&quot;classic&quot;}\">\n\t\t\t<div class=\"elementor-widget-wrap elementor-element-populated\">\n\t\t\t\t\t\t<div class=\"elementor-element elementor-element-fbcc1c0 elementor-widget elementor-widget-image\" data-id=\"fbcc1c0\" data-element_type=\"widget\" data-widget_type=\"image.default\">\n\t\t\t\t\t\t\t\t\t\t\t\t\t\t\t<img decoding=\"async\" width=\"800\" height=\"800\" src=\"https:\/\/www.eastgateh2v.eu\/wp-content\/uploads\/2025\/07\/EASTGATE_emblem_color-1.png\" class=\"attachment-large size-large wp-image-571\" alt=\"\" srcset=\"https:\/\/www.eastgateh2v.eu\/wp-content\/uploads\/2025\/07\/EASTGATE_emblem_color-1.png 800w, https:\/\/www.eastgateh2v.eu\/wp-content\/uploads\/2025\/07\/EASTGATE_emblem_color-1-300x300.png 300w, https:\/\/www.eastgateh2v.eu\/wp-content\/uploads\/2025\/07\/EASTGATE_emblem_color-1-150x150.png 150w, https:\/\/www.eastgateh2v.eu\/wp-content\/uploads\/2025\/07\/EASTGATE_emblem_color-1-768x768.png 768w, https:\/\/www.eastgateh2v.eu\/wp-content\/uploads\/2025\/07\/EASTGATE_emblem_color-1-650x650.png 650w\" sizes=\"(max-width: 800px) 100vw, 800px\" \/>\t\t\t\t\t\t\t\t\t\t\t\t\t\t\t<\/div>\n\t\t\t\t\t<\/div>\n\t\t<\/div>\n\t\t\t\t\t<\/div>\n\t\t<\/section>\n\t\t\t\t\t<\/div>\n\t\t<\/div>\n\t\t\t\t\t<\/div>\n\t\t<\/section>\n\t\t\t\t<\/div>","protected":false},"excerpt":{"rendered":"<p>Media Kit Logos, images and key facts for media and partners. Access official logos, project images, factsheets and promotional materials to support media coverage and stakeholder engagement. Logo Download<\/p>","protected":false},"author":1,"featured_media":0,"parent":0,"menu_order":0,"comment_status":"closed","ping_status":"closed","template":"elementor_canvas","meta":{"footnotes":""},"class_list":["post-564","page","type-page","status-publish","hentry"],"_links":{"self":[{"href":"https:\/\/www.eastgateh2v.eu\/sk\/wp-json\/wp\/v2\/pages\/564","targetHints":{"allow":["GET"]}}],"collection":[{"href":"https:\/\/www.eastgateh2v.eu\/sk\/wp-json\/wp\/v2\/pages"}],"about":[{"href":"https:\/\/www.eastgateh2v.eu\/sk\/wp-json\/wp\/v2\/types\/page"}],"author":[{"embeddable":true,"href":"https:\/\/www.eastgateh2v.eu\/sk\/wp-json\/wp\/v2\/users\/1"}],"replies":[{"embeddable":true,"href":"https:\/\/www.eastgateh2v.eu\/sk\/wp-json\/wp\/v2\/comments?post=564"}],"version-history":[{"count":10,"href":"https:\/\/www.eastgateh2v.eu\/sk\/wp-json\/wp\/v2\/pages\/564\/revisions"}],"predecessor-version":[{"id":578,"href":"https:\/\/www.eastgateh2v.eu\/sk\/wp-json\/wp\/v2\/pages\/564\/revisions\/578"}],"wp:attachment":[{"href":"https:\/\/www.eastgateh2v.eu\/sk\/wp-json\/wp\/v2\/media?parent=564"}],"curies":[{"name":"wp","href":"https:\/\/api.w.org\/{rel}","templated":true}]}}