{"id":545,"date":"2025-07-14T15:02:29","date_gmt":"2025-07-14T15:02:29","guid":{"rendered":"https:\/\/www.eastgateh2v.eu\/?page_id=545"},"modified":"2025-07-14T15:06:07","modified_gmt":"2025-07-14T15:06:07","slug":"hydrogen-technology-in-action","status":"publish","type":"page","link":"https:\/\/www.eastgateh2v.eu\/sk\/hydrogen-technology-in-action\/","title":{"rendered":"Vod\u00edkov\u00e9 technol\u00f3gie v praxi"},"content":{"rendered":"<div data-elementor-type=\"wp-page\" data-elementor-id=\"545\" class=\"elementor elementor-545\">\n\t\t\t\t\t\t<section class=\"elementor-section elementor-top-section elementor-element elementor-element-2532b26 elementor-section-boxed elementor-section-height-default elementor-section-height-default\" data-id=\"2532b26\" data-element_type=\"section\">\n\t\t\t\t\t\t<div class=\"elementor-container elementor-column-gap-no\">\n\t\t\t\t\t<div class=\"elementor-column elementor-col-100 elementor-top-column elementor-element elementor-element-bfafbf9\" data-id=\"bfafbf9\" data-element_type=\"column\">\n\t\t\t<div class=\"elementor-widget-wrap elementor-element-populated\">\n\t\t\t\t\t\t<div class=\"elementor-element elementor-element-66abf6a elementor-widget elementor-widget-heading\" data-id=\"66abf6a\" data-element_type=\"widget\" data-widget_type=\"heading.default\">\n\t\t\t\t\t<h3 class=\"elementor-heading-title elementor-size-default\">Vod\u00edkov\u00e9 technol\u00f3gie v praxi<\/h3>\t\t\t\t<\/div>\n\t\t\t\t<div class=\"elementor-element elementor-element-46feff5 elementor-widget elementor-widget-text-editor\" data-id=\"46feff5\" data-element_type=\"widget\" data-widget_type=\"text-editor.default\">\n\t\t\t\t\t\t\t\t\t<p><strong>Pozrite si k\u013e\u00fa\u010dov\u00e9 vod\u00edkov\u00e9 technol\u00f3gie a v\u00fdsledky projektu priamo v re\u00e1lnom nasaden\u00ed.<\/strong><\/p><p><strong><br \/>Presk\u00famajte kr\u00e1tke videoprezent\u00e1cie, ktor\u00e9 predstavuj\u00fa inovat\u00edvne rie\u0161enia, technick\u00e9 demon\u0161tr\u00e1cie a konkr\u00e9tne v\u00fdstupy projektu EASTGATEH2V.<\/strong><\/p>\t\t\t\t\t\t\t\t<\/div>\n\t\t\t\t<div class=\"elementor-element elementor-element-e2db98a elementor-widget-divider--view-line elementor-widget elementor-widget-divider\" data-id=\"e2db98a\" data-element_type=\"widget\" data-widget_type=\"divider.default\">\n\t\t\t\t\t\t\t<div class=\"elementor-divider\">\n\t\t\t<span class=\"elementor-divider-separator\">\n\t\t\t\t\t\t<\/span>\n\t\t<\/div>\n\t\t\t\t\t\t<\/div>\n\t\t\t\t\t<\/div>\n\t\t<\/div>\n\t\t\t\t\t<\/div>\n\t\t<\/section>\n\t\t\t\t<\/div>","protected":false},"excerpt":{"rendered":"<p>Hydrogen Technology in Action See key hydrogen technologies and project results in practice. Explore short video presentations showcasing the innovative solutions, technical demonstrations and outcomes of EASTGATEH2V.<\/p>","protected":false},"author":1,"featured_media":0,"parent":0,"menu_order":0,"comment_status":"closed","ping_status":"closed","template":"elementor_canvas","meta":{"footnotes":""},"class_list":["post-545","page","type-page","status-publish","hentry"],"_links":{"self":[{"href":"https:\/\/www.eastgateh2v.eu\/sk\/wp-json\/wp\/v2\/pages\/545","targetHints":{"allow":["GET"]}}],"collection":[{"href":"https:\/\/www.eastgateh2v.eu\/sk\/wp-json\/wp\/v2\/pages"}],"about":[{"href":"https:\/\/www.eastgateh2v.eu\/sk\/wp-json\/wp\/v2\/types\/page"}],"author":[{"embeddable":true,"href":"https:\/\/www.eastgateh2v.eu\/sk\/wp-json\/wp\/v2\/users\/1"}],"replies":[{"embeddable":true,"href":"https:\/\/www.eastgateh2v.eu\/sk\/wp-json\/wp\/v2\/comments?post=545"}],"version-history":[{"count":4,"href":"https:\/\/www.eastgateh2v.eu\/sk\/wp-json\/wp\/v2\/pages\/545\/revisions"}],"predecessor-version":[{"id":560,"href":"https:\/\/www.eastgateh2v.eu\/sk\/wp-json\/wp\/v2\/pages\/545\/revisions\/560"}],"wp:attachment":[{"href":"https:\/\/www.eastgateh2v.eu\/sk\/wp-json\/wp\/v2\/media?parent=545"}],"curies":[{"name":"wp","href":"https:\/\/api.w.org\/{rel}","templated":true}]}}