{"id":539,"date":"2025-07-14T14:59:11","date_gmt":"2025-07-14T14:59:11","guid":{"rendered":"https:\/\/www.eastgateh2v.eu\/?page_id=539"},"modified":"2025-07-14T15:03:22","modified_gmt":"2025-07-14T15:03:22","slug":"project-brochure-poster","status":"publish","type":"page","link":"https:\/\/www.eastgateh2v.eu\/sk\/project-brochure-poster\/","title":{"rendered":"Projektov\u00e1 bro\u017e\u00fara a poster"},"content":{"rendered":"<div data-elementor-type=\"wp-page\" data-elementor-id=\"539\" class=\"elementor elementor-539\">\n\t\t\t\t\t\t<section class=\"elementor-section elementor-top-section elementor-element elementor-element-2532b26 elementor-section-boxed elementor-section-height-default elementor-section-height-default\" data-id=\"2532b26\" data-element_type=\"section\">\n\t\t\t\t\t\t<div class=\"elementor-container elementor-column-gap-no\">\n\t\t\t\t\t<div class=\"elementor-column elementor-col-100 elementor-top-column elementor-element elementor-element-bfafbf9\" data-id=\"bfafbf9\" data-element_type=\"column\">\n\t\t\t<div class=\"elementor-widget-wrap elementor-element-populated\">\n\t\t\t\t\t\t<div class=\"elementor-element elementor-element-66abf6a elementor-widget elementor-widget-heading\" data-id=\"66abf6a\" data-element_type=\"widget\" data-widget_type=\"heading.default\">\n\t\t\t\t\t<h3 class=\"elementor-heading-title elementor-size-default\">Projektov\u00e1 bro\u017e\u00fara a poster<\/h3>\t\t\t\t<\/div>\n\t\t\t\t<div class=\"elementor-element elementor-element-46feff5 elementor-widget elementor-widget-text-editor\" data-id=\"46feff5\" data-element_type=\"widget\" data-widget_type=\"text-editor.default\">\n\t\t\t\t\t\t\t\t\t<p><strong>Z\u00edskajte r\u00fdchly preh\u013ead o projekte na jednom mieste.<\/strong><\/p><p>\u00a0<\/p><p><strong>Stiahnite si ofici\u00e1lnu projektov\u00fa bro\u017e\u00faru a poster, ktor\u00e9 preh\u013eadne predstavuj\u00fa ciele, partnerov, aktivity a o\u010dak\u00e1van\u00e9 dopady projektu EASTGATEH2V.<\/strong><\/p>\t\t\t\t\t\t\t\t<\/div>\n\t\t\t\t<div class=\"elementor-element elementor-element-e2db98a elementor-widget-divider--view-line elementor-widget elementor-widget-divider\" data-id=\"e2db98a\" data-element_type=\"widget\" data-widget_type=\"divider.default\">\n\t\t\t\t\t\t\t<div class=\"elementor-divider\">\n\t\t\t<span class=\"elementor-divider-separator\">\n\t\t\t\t\t\t<\/span>\n\t\t<\/div>\n\t\t\t\t\t\t<\/div>\n\t\t\t\t\t<\/div>\n\t\t<\/div>\n\t\t\t\t\t<\/div>\n\t\t<\/section>\n\t\t\t\t<\/div>","protected":false},"excerpt":{"rendered":"<p>Project Brochure &amp; Poster Learn about the project at a glance. \u00a0 Download our official project brochure and poster for a clear overview of objectives, partners, activities and expected impacts.<\/p>","protected":false},"author":1,"featured_media":0,"parent":0,"menu_order":0,"comment_status":"closed","ping_status":"closed","template":"elementor_canvas","meta":{"footnotes":""},"class_list":["post-539","page","type-page","status-publish","hentry"],"_links":{"self":[{"href":"https:\/\/www.eastgateh2v.eu\/sk\/wp-json\/wp\/v2\/pages\/539","targetHints":{"allow":["GET"]}}],"collection":[{"href":"https:\/\/www.eastgateh2v.eu\/sk\/wp-json\/wp\/v2\/pages"}],"about":[{"href":"https:\/\/www.eastgateh2v.eu\/sk\/wp-json\/wp\/v2\/types\/page"}],"author":[{"embeddable":true,"href":"https:\/\/www.eastgateh2v.eu\/sk\/wp-json\/wp\/v2\/users\/1"}],"replies":[{"embeddable":true,"href":"https:\/\/www.eastgateh2v.eu\/sk\/wp-json\/wp\/v2\/comments?post=539"}],"version-history":[{"count":8,"href":"https:\/\/www.eastgateh2v.eu\/sk\/wp-json\/wp\/v2\/pages\/539\/revisions"}],"predecessor-version":[{"id":549,"href":"https:\/\/www.eastgateh2v.eu\/sk\/wp-json\/wp\/v2\/pages\/539\/revisions\/549"}],"wp:attachment":[{"href":"https:\/\/www.eastgateh2v.eu\/sk\/wp-json\/wp\/v2\/media?parent=539"}],"curies":[{"name":"wp","href":"https:\/\/api.w.org\/{rel}","templated":true}]}}