{"id":395,"date":"2025-07-13T12:09:07","date_gmt":"2025-07-13T12:09:07","guid":{"rendered":"https:\/\/www.eastgateh2v.eu\/?page_id=395"},"modified":"2025-07-14T14:49:12","modified_gmt":"2025-07-14T14:49:12","slug":"media-task-force","status":"publish","type":"page","link":"https:\/\/www.eastgateh2v.eu\/sk\/media-task-force\/","title":{"rendered":"Medi\u00e1lna pracovn\u00e1 skupina"},"content":{"rendered":"<div data-elementor-type=\"wp-page\" data-elementor-id=\"395\" class=\"elementor elementor-395\">\n\t\t\t\t\t\t<section class=\"elementor-section elementor-top-section elementor-element elementor-element-3ef6a33 elementor-section-boxed elementor-section-height-default elementor-section-height-default\" data-id=\"3ef6a33\" data-element_type=\"section\" data-settings=\"{&quot;background_background&quot;:&quot;classic&quot;}\">\n\t\t\t\t\t\t\t<div class=\"elementor-background-overlay\"><\/div>\n\t\t\t\t\t\t\t<div class=\"elementor-container elementor-column-gap-no\">\n\t\t\t\t\t<div class=\"elementor-column elementor-col-100 elementor-top-column elementor-element elementor-element-0daf52b\" data-id=\"0daf52b\" data-element_type=\"column\">\n\t\t\t<div class=\"elementor-widget-wrap elementor-element-populated\">\n\t\t\t\t\t\t<div class=\"elementor-element elementor-element-46fe52e elementor-widget elementor-widget-heading\" data-id=\"46fe52e\" data-element_type=\"widget\" data-widget_type=\"heading.default\">\n\t\t\t\t\t<h1 class=\"elementor-heading-title elementor-size-default\">Medi\u00e1lna pracovn\u00e1 skupina <\/h1>\t\t\t\t<\/div>\n\t\t\t\t<div class=\"elementor-element elementor-element-19143ea elementor-widget-divider--view-line elementor-widget elementor-widget-divider\" data-id=\"19143ea\" data-element_type=\"widget\" data-widget_type=\"divider.default\">\n\t\t\t\t\t\t\t<div class=\"elementor-divider\">\n\t\t\t<span class=\"elementor-divider-separator\">\n\t\t\t\t\t\t<\/span>\n\t\t<\/div>\n\t\t\t\t\t\t<\/div>\n\t\t\t\t<div class=\"elementor-element elementor-element-3f000ac elementor-widget elementor-widget-text-editor\" data-id=\"3f000ac\" data-element_type=\"widget\" data-widget_type=\"text-editor.default\">\n\t\t\t\t\t\t\t\t\t<p><strong>Podpora vidite\u013enosti, komunik\u00e1cie a zap\u00e1jania verejnosti <\/strong><\/p>\t\t\t\t\t\t\t\t<\/div>\n\t\t\t\t\t<\/div>\n\t\t<\/div>\n\t\t\t\t\t<\/div>\n\t\t<\/section>\n\t\t\t\t<section class=\"elementor-section elementor-top-section elementor-element elementor-element-2532b26 elementor-section-boxed elementor-section-height-default elementor-section-height-default\" data-id=\"2532b26\" data-element_type=\"section\">\n\t\t\t\t\t\t<div class=\"elementor-container elementor-column-gap-no\">\n\t\t\t\t\t<div class=\"elementor-column elementor-col-100 elementor-top-column elementor-element elementor-element-bfafbf9\" data-id=\"bfafbf9\" data-element_type=\"column\">\n\t\t\t<div class=\"elementor-widget-wrap elementor-element-populated\">\n\t\t\t\t\t\t<div class=\"elementor-element elementor-element-46feff5 elementor-widget elementor-widget-text-editor\" data-id=\"46feff5\" data-element_type=\"widget\" data-widget_type=\"text-editor.default\">\n\t\t\t\t\t\t\t\t\t<p>Medi\u00e1lna pracovn\u00e1 skupina projektu EASTGATEH2V je sie\u0165 komunika\u010dn\u00fdch profesion\u00e1lov, medi\u00e1lnych expertov a projektov\u00fdch partnerov, ktor\u00ed spolo\u010dne pracuj\u00fa na propag\u00e1cii projektu, zdie\u013ean\u00ed v\u00fdsledkov a zvy\u0161ovan\u00ed povedomia verejnosti o vod\u00edkov\u00fdch technol\u00f3gi\u00e1ch.<\/p><p>\u00a0<\/p><p>Medi\u00e1lna pracovn\u00e1 skupina zohr\u00e1va k\u013e\u00fa\u010dov\u00fa \u00falohu pri zabezpe\u010dovan\u00ed vidite\u013enosti projektu EASTGATEH2V. Db\u00e1 na to, aby sa pokrok projektu, jeho m\u00ed\u013eniky a \u00faspe\u0161n\u00e9 pr\u00edbehy dostali k \u0161irok\u00e9mu publiku \u2013 od miestnych komun\u00edt a\u017e po n\u00e1rodn\u00fdch a eur\u00f3pskych akt\u00e9rov.<\/p><p>\u00a0<\/p><p>Prostredn\u00edctvom pravideln\u00fdch aktualiz\u00e1ci\u00ed, tvorby obsahu a koordin\u00e1cie komunika\u010dn\u00fdch aktiv\u00edt Medi\u00e1lna pracovn\u00e1 skupina pom\u00e1ha budova\u0165 d\u00f4veru, podporova\u0165 verejn\u00e9 prijatie vod\u00edka a pribli\u017eova\u0165 pr\u00ednosy Vod\u00edkov\u00e9ho \u00fadolia pre Ko\u0161ick\u00fd kraj aj \u0161ir\u0161\u00ed regi\u00f3n.<\/p>\t\t\t\t\t\t\t\t<\/div>\n\t\t\t\t\t<\/div>\n\t\t<\/div>\n\t\t\t\t\t<\/div>\n\t\t<\/section>\n\t\t\t\t<\/div>","protected":false},"excerpt":{"rendered":"<p>Media Task Force Supporting visibility, outreach and public engagement The EASTGATEH2V Media Task Force is a network of communication professionals, media experts and project partners working together to promote the project, share results and raise public awareness about hydrogen technologies. \u00a0 The Media Task Force plays a key role in supporting the visibility of EASTGATEH2V, [&hellip;]<\/p>\n","protected":false},"author":1,"featured_media":0,"parent":0,"menu_order":0,"comment_status":"closed","ping_status":"closed","template":"elementor_canvas","meta":{"footnotes":""},"class_list":["post-395","page","type-page","status-publish","hentry"],"_links":{"self":[{"href":"https:\/\/www.eastgateh2v.eu\/sk\/wp-json\/wp\/v2\/pages\/395","targetHints":{"allow":["GET"]}}],"collection":[{"href":"https:\/\/www.eastgateh2v.eu\/sk\/wp-json\/wp\/v2\/pages"}],"about":[{"href":"https:\/\/www.eastgateh2v.eu\/sk\/wp-json\/wp\/v2\/types\/page"}],"author":[{"embeddable":true,"href":"https:\/\/www.eastgateh2v.eu\/sk\/wp-json\/wp\/v2\/users\/1"}],"replies":[{"embeddable":true,"href":"https:\/\/www.eastgateh2v.eu\/sk\/wp-json\/wp\/v2\/comments?post=395"}],"version-history":[{"count":10,"href":"https:\/\/www.eastgateh2v.eu\/sk\/wp-json\/wp\/v2\/pages\/395\/revisions"}],"predecessor-version":[{"id":524,"href":"https:\/\/www.eastgateh2v.eu\/sk\/wp-json\/wp\/v2\/pages\/395\/revisions\/524"}],"wp:attachment":[{"href":"https:\/\/www.eastgateh2v.eu\/sk\/wp-json\/wp\/v2\/media?parent=395"}],"curies":[{"name":"wp","href":"https:\/\/api.w.org\/{rel}","templated":true}]}}