{"id":287,"date":"2025-07-13T08:36:18","date_gmt":"2025-07-13T08:36:18","guid":{"rendered":"https:\/\/www.eastgateh2v.eu\/?page_id=287"},"modified":"2025-07-13T08:53:28","modified_gmt":"2025-07-13T08:53:28","slug":"methodology-and-objectives","status":"publish","type":"page","link":"https:\/\/www.eastgateh2v.eu\/sk\/methodology-and-objectives\/","title":{"rendered":"Metodika a ciele"},"content":{"rendered":"<div data-elementor-type=\"wp-page\" data-elementor-id=\"287\" class=\"elementor elementor-287\">\n\t\t\t\t\t\t<section class=\"elementor-section elementor-top-section elementor-element elementor-element-48595c8 elementor-hidden-tablet elementor-hidden-mobile elementor-section-boxed elementor-section-height-default elementor-section-height-default\" data-id=\"48595c8\" data-element_type=\"section\">\n\t\t\t\t\t\t<div class=\"elementor-container elementor-column-gap-no\">\n\t\t\t\t\t<div class=\"elementor-column elementor-col-100 elementor-top-column elementor-element elementor-element-48f955b\" data-id=\"48f955b\" data-element_type=\"column\">\n\t\t\t<div class=\"elementor-widget-wrap elementor-element-populated\">\n\t\t\t\t\t\t<div class=\"elementor-element elementor-element-e0a6c11 hfe-nav-menu__align-right elementor-widget__width-auto hfe-submenu-icon-arrow hfe-submenu-animation-none hfe-link-redirect-child hfe-nav-menu__breakpoint-tablet elementor-widget elementor-widget-navigation-menu\" data-id=\"e0a6c11\" data-element_type=\"widget\" data-settings=\"{&quot;padding_horizontal_menu_item&quot;:{&quot;unit&quot;:&quot;px&quot;,&quot;size&quot;:16,&quot;sizes&quot;:[]},&quot;padding_vertical_menu_item&quot;:{&quot;unit&quot;:&quot;px&quot;,&quot;size&quot;:10,&quot;sizes&quot;:[]},&quot;padding_horizontal_dropdown_item&quot;:{&quot;unit&quot;:&quot;px&quot;,&quot;size&quot;:20,&quot;sizes&quot;:[]},&quot;padding_vertical_dropdown_item&quot;:{&quot;unit&quot;:&quot;px&quot;,&quot;size&quot;:10,&quot;sizes&quot;:[]},&quot;distance_from_menu_tablet&quot;:{&quot;unit&quot;:&quot;px&quot;,&quot;size&quot;:5,&quot;sizes&quot;:[]},&quot;distance_from_menu&quot;:{&quot;unit&quot;:&quot;px&quot;,&quot;size&quot;:22,&quot;sizes&quot;:[]},&quot;padding_horizontal_menu_item_tablet&quot;:{&quot;unit&quot;:&quot;px&quot;,&quot;size&quot;:&quot;&quot;,&quot;sizes&quot;:[]},&quot;padding_horizontal_menu_item_mobile&quot;:{&quot;unit&quot;:&quot;px&quot;,&quot;size&quot;:&quot;&quot;,&quot;sizes&quot;:[]},&quot;padding_vertical_menu_item_tablet&quot;:{&quot;unit&quot;:&quot;px&quot;,&quot;size&quot;:&quot;&quot;,&quot;sizes&quot;:[]},&quot;padding_vertical_menu_item_mobile&quot;:{&quot;unit&quot;:&quot;px&quot;,&quot;size&quot;:&quot;&quot;,&quot;sizes&quot;:[]},&quot;menu_space_between&quot;:{&quot;unit&quot;:&quot;px&quot;,&quot;size&quot;:&quot;&quot;,&quot;sizes&quot;:[]},&quot;menu_space_between_tablet&quot;:{&quot;unit&quot;:&quot;px&quot;,&quot;size&quot;:&quot;&quot;,&quot;sizes&quot;:[]},&quot;menu_space_between_mobile&quot;:{&quot;unit&quot;:&quot;px&quot;,&quot;size&quot;:&quot;&quot;,&quot;sizes&quot;:[]},&quot;menu_row_space&quot;:{&quot;unit&quot;:&quot;px&quot;,&quot;size&quot;:&quot;&quot;,&quot;sizes&quot;:[]},&quot;menu_row_space_tablet&quot;:{&quot;unit&quot;:&quot;px&quot;,&quot;size&quot;:&quot;&quot;,&quot;sizes&quot;:[]},&quot;menu_row_space_mobile&quot;:{&quot;unit&quot;:&quot;px&quot;,&quot;size&quot;:&quot;&quot;,&quot;sizes&quot;:[]},&quot;dropdown_border_radius&quot;:{&quot;unit&quot;:&quot;px&quot;,&quot;top&quot;:&quot;&quot;,&quot;right&quot;:&quot;&quot;,&quot;bottom&quot;:&quot;&quot;,&quot;left&quot;:&quot;&quot;,&quot;isLinked&quot;:true},&quot;dropdown_border_radius_tablet&quot;:{&quot;unit&quot;:&quot;px&quot;,&quot;top&quot;:&quot;&quot;,&quot;right&quot;:&quot;&quot;,&quot;bottom&quot;:&quot;&quot;,&quot;left&quot;:&quot;&quot;,&quot;isLinked&quot;:true},&quot;dropdown_border_radius_mobile&quot;:{&quot;unit&quot;:&quot;px&quot;,&quot;top&quot;:&quot;&quot;,&quot;right&quot;:&quot;&quot;,&quot;bottom&quot;:&quot;&quot;,&quot;left&quot;:&quot;&quot;,&quot;isLinked&quot;:true},&quot;width_dropdown_item&quot;:{&quot;unit&quot;:&quot;px&quot;,&quot;size&quot;:&quot;220&quot;,&quot;sizes&quot;:[]},&quot;width_dropdown_item_tablet&quot;:{&quot;unit&quot;:&quot;px&quot;,&quot;size&quot;:&quot;&quot;,&quot;sizes&quot;:[]},&quot;width_dropdown_item_mobile&quot;:{&quot;unit&quot;:&quot;px&quot;,&quot;size&quot;:&quot;&quot;,&quot;sizes&quot;:[]},&quot;padding_horizontal_dropdown_item_tablet&quot;:{&quot;unit&quot;:&quot;px&quot;,&quot;size&quot;:&quot;&quot;,&quot;sizes&quot;:[]},&quot;padding_horizontal_dropdown_item_mobile&quot;:{&quot;unit&quot;:&quot;px&quot;,&quot;size&quot;:&quot;&quot;,&quot;sizes&quot;:[]},&quot;padding_vertical_dropdown_item_tablet&quot;:{&quot;unit&quot;:&quot;px&quot;,&quot;size&quot;:&quot;&quot;,&quot;sizes&quot;:[]},&quot;padding_vertical_dropdown_item_mobile&quot;:{&quot;unit&quot;:&quot;px&quot;,&quot;size&quot;:&quot;&quot;,&quot;sizes&quot;:[]},&quot;distance_from_menu_mobile&quot;:{&quot;unit&quot;:&quot;px&quot;,&quot;size&quot;:&quot;&quot;,&quot;sizes&quot;:[]},&quot;toggle_size&quot;:{&quot;unit&quot;:&quot;px&quot;,&quot;size&quot;:&quot;&quot;,&quot;sizes&quot;:[]},&quot;toggle_size_tablet&quot;:{&quot;unit&quot;:&quot;px&quot;,&quot;size&quot;:&quot;&quot;,&quot;sizes&quot;:[]},&quot;toggle_size_mobile&quot;:{&quot;unit&quot;:&quot;px&quot;,&quot;size&quot;:&quot;&quot;,&quot;sizes&quot;:[]},&quot;toggle_border_width&quot;:{&quot;unit&quot;:&quot;px&quot;,&quot;size&quot;:&quot;&quot;,&quot;sizes&quot;:[]},&quot;toggle_border_width_tablet&quot;:{&quot;unit&quot;:&quot;px&quot;,&quot;size&quot;:&quot;&quot;,&quot;sizes&quot;:[]},&quot;toggle_border_width_mobile&quot;:{&quot;unit&quot;:&quot;px&quot;,&quot;size&quot;:&quot;&quot;,&quot;sizes&quot;:[]},&quot;toggle_border_radius&quot;:{&quot;unit&quot;:&quot;px&quot;,&quot;size&quot;:&quot;&quot;,&quot;sizes&quot;:[]},&quot;toggle_border_radius_tablet&quot;:{&quot;unit&quot;:&quot;px&quot;,&quot;size&quot;:&quot;&quot;,&quot;sizes&quot;:[]},&quot;toggle_border_radius_mobile&quot;:{&quot;unit&quot;:&quot;px&quot;,&quot;size&quot;:&quot;&quot;,&quot;sizes&quot;:[]}}\" data-widget_type=\"navigation-menu.default\">\n\t\t\t\t<div class=\"elementor-widget-container\">\n\t\t\t\t\t\t\t\t<div class=\"hfe-nav-menu hfe-layout-horizontal hfe-nav-menu-layout horizontal hfe-pointer__none\" data-layout=\"horizontal\">\n\t\t\t\t<div role=\"button\" class=\"hfe-nav-menu__toggle elementor-clickable\">\n\t\t\t\t\t<span class=\"screen-reader-text\">Menu<\/span>\n\t\t\t\t\t<div class=\"hfe-nav-menu-icon\">\n\t\t\t\t\t\t<svg aria-hidden=\"true\"  class=\"e-font-icon-svg e-fas-bars\" viewbox=\"0 0 448 512\" xmlns=\"http:\/\/www.w3.org\/2000\/svg\"><path d=\"M16 132h416c8.837 0 16-7.163 16-16V76c0-8.837-7.163-16-16-16H16C7.163 60 0 67.163 0 76v40c0 8.837 7.163 16 16 16zm0 160h416c8.837 0 16-7.163 16-16v-40c0-8.837-7.163-16-16-16H16c-8.837 0-16 7.163-16 16v40c0 8.837 7.163 16 16 16zm0 160h416c8.837 0 16-7.163 16-16v-40c0-8.837-7.163-16-16-16H16c-8.837 0-16 7.163-16 16v40c0 8.837 7.163 16 16 16z\"><\/path><\/svg>\t\t\t\t\t<\/div>\n\t\t\t\t<\/div>\n\t\t\t\t<nav class=\"hfe-nav-menu__layout-horizontal hfe-nav-menu__submenu-arrow\" data-toggle-icon=\"&lt;svg aria-hidden=&quot;true&quot; tabindex=&quot;0&quot; class=&quot;e-font-icon-svg e-fas-bars&quot; viewBox=&quot;0 0 448 512&quot; xmlns=&quot;http:\/\/www.w3.org\/2000\/svg&quot;&gt;&lt;path d=&quot;M16 132h416c8.837 0 16-7.163 16-16V76c0-8.837-7.163-16-16-16H16C7.163 60 0 67.163 0 76v40c0 8.837 7.163 16 16 16zm0 160h416c8.837 0 16-7.163 16-16v-40c0-8.837-7.163-16-16-16H16c-8.837 0-16 7.163-16 16v40c0 8.837 7.163 16 16 16zm0 160h416c8.837 0 16-7.163 16-16v-40c0-8.837-7.163-16-16-16H16c-8.837 0-16 7.163-16 16v40c0 8.837 7.163 16 16 16z&quot;&gt;&lt;\/path&gt;&lt;\/svg&gt;\" data-close-icon=\"&lt;svg aria-hidden=&quot;true&quot; tabindex=&quot;0&quot; class=&quot;e-font-icon-svg e-far-times-circle&quot; viewBox=&quot;0 0 512 512&quot; xmlns=&quot;http:\/\/www.w3.org\/2000\/svg&quot;&gt;&lt;path d=&quot;M256 8C119 8 8 119 8 256s111 248 248 248 248-111 248-248S393 8 256 8zm0 448c-110.5 0-200-89.5-200-200S145.5 56 256 56s200 89.5 200 200-89.5 200-200 200zm101.8-262.2L295.6 256l62.2 62.2c4.7 4.7 4.7 12.3 0 17l-22.6 22.6c-4.7 4.7-12.3 4.7-17 0L256 295.6l-62.2 62.2c-4.7 4.7-12.3 4.7-17 0l-22.6-22.6c-4.7-4.7-4.7-12.3 0-17l62.2-62.2-62.2-62.2c-4.7-4.7-4.7-12.3 0-17l22.6-22.6c4.7-4.7 12.3-4.7 17 0l62.2 62.2 62.2-62.2c4.7-4.7 12.3-4.7 17 0l22.6 22.6c4.7 4.7 4.7 12.3 0 17z&quot;&gt;&lt;\/path&gt;&lt;\/svg&gt;\" data-full-width=\"yes\">\n\t\t\t\t\t<ul id=\"menu-1-e0a6c11\" class=\"hfe-nav-menu\"><li id=\"menu-item-273\" class=\"menu-item menu-item-type-post_type menu-item-object-page parent hfe-creative-menu\"><a href=\"https:\/\/www.eastgateh2v.eu\/sk\/about\/\" class = \"hfe-menu-item\">O projekte<\/a><\/li>\n<li id=\"menu-item-289\" class=\"menu-item menu-item-type-post_type menu-item-object-page parent hfe-creative-menu\"><a href=\"https:\/\/www.eastgateh2v.eu\/sk\/methodology-and-objectives\/\" class = \"hfe-menu-item\">Metodika a ciele<\/a><\/li>\n<li id=\"menu-item-336\" class=\"menu-item menu-item-type-post_type menu-item-object-page parent hfe-creative-menu\"><a href=\"https:\/\/www.eastgateh2v.eu\/sk\/activities-and-impact\/\" class = \"hfe-menu-item\">Aktivity a dopad<\/a><\/li>\n<li id=\"menu-item-380\" class=\"menu-item menu-item-type-post_type menu-item-object-page parent hfe-creative-menu\"><a href=\"https:\/\/www.eastgateh2v.eu\/sk\/timeline\/\" class = \"hfe-menu-item\">\u010casov\u00e1 os<\/a><\/li>\n<\/ul> \n\t\t\t\t<\/nav>\n\t\t\t<\/div>\n\t\t\t\t\t\t\t<\/div>\n\t\t\t\t<\/div>\n\t\t\t\t<div class=\"elementor-element elementor-element-1fa1966 elementor-widget-divider--view-line elementor-widget elementor-widget-divider\" data-id=\"1fa1966\" data-element_type=\"widget\" data-widget_type=\"divider.default\">\n\t\t\t\t\t\t\t<div class=\"elementor-divider\">\n\t\t\t<span class=\"elementor-divider-separator\">\n\t\t\t\t\t\t<\/span>\n\t\t<\/div>\n\t\t\t\t\t\t<\/div>\n\t\t\t\t\t<\/div>\n\t\t<\/div>\n\t\t\t\t\t<\/div>\n\t\t<\/section>\n\t\t\t\t<section class=\"elementor-section elementor-top-section elementor-element elementor-element-2532b26 elementor-section-boxed elementor-section-height-default elementor-section-height-default\" data-id=\"2532b26\" data-element_type=\"section\">\n\t\t\t\t\t\t<div class=\"elementor-container elementor-column-gap-no\">\n\t\t\t\t\t<div class=\"elementor-column elementor-col-100 elementor-top-column elementor-element elementor-element-bfafbf9\" data-id=\"bfafbf9\" data-element_type=\"column\">\n\t\t\t<div class=\"elementor-widget-wrap elementor-element-populated\">\n\t\t\t\t\t\t<div class=\"elementor-element elementor-element-66abf6a elementor-widget elementor-widget-heading\" data-id=\"66abf6a\" data-element_type=\"widget\" data-widget_type=\"heading.default\">\n\t\t\t\t\t<h3 class=\"elementor-heading-title elementor-size-default\">Metodika a ciele<\/h3>\t\t\t\t<\/div>\n\t\t\t\t<div class=\"elementor-element elementor-element-46feff5 elementor-widget elementor-widget-text-editor\" data-id=\"46feff5\" data-element_type=\"widget\" data-widget_type=\"text-editor.default\">\n\t\t\t\t\t\t\t\t\t<p>Ako EASTGATEH2V buduje prv\u00e9 vod\u00edkov\u00e9 \u00fadolie na Slovensku<\/p>\t\t\t\t\t\t\t\t<\/div>\n\t\t\t\t<div class=\"elementor-element elementor-element-e2db98a elementor-widget-divider--view-line elementor-widget elementor-widget-divider\" data-id=\"e2db98a\" data-element_type=\"widget\" data-widget_type=\"divider.default\">\n\t\t\t\t\t\t\t<div class=\"elementor-divider\">\n\t\t\t<span class=\"elementor-divider-separator\">\n\t\t\t\t\t\t<\/span>\n\t\t<\/div>\n\t\t\t\t\t\t<\/div>\n\t\t\t\t\t<\/div>\n\t\t<\/div>\n\t\t\t\t\t<\/div>\n\t\t<\/section>\n\t\t\t\t<section class=\"elementor-section elementor-top-section elementor-element elementor-element-94de45b elementor-section-boxed elementor-section-height-default elementor-section-height-default\" data-id=\"94de45b\" data-element_type=\"section\">\n\t\t\t\t\t\t<div class=\"elementor-container elementor-column-gap-no\">\n\t\t\t\t\t<div class=\"elementor-column elementor-col-50 elementor-top-column elementor-element elementor-element-4f59a6b\" data-id=\"4f59a6b\" data-element_type=\"column\">\n\t\t\t<div class=\"elementor-widget-wrap elementor-element-populated\">\n\t\t\t\t\t\t<div class=\"elementor-element elementor-element-010e9e7 elementor-widget elementor-widget-text-editor\" data-id=\"010e9e7\" data-element_type=\"widget\" data-widget_type=\"text-editor.default\">\n\t\t\t\t\t\t\t\t\t<p>\u010cist\u00fd vod\u00edk pre v\u00fdchodn\u00e9 Slovensko<br \/>Projekt EASTGATEH2V sp\u00e1ja v\u00fdrobu, distrib\u00faciu a re\u00e1lne vyu\u017eitie obnovite\u013en\u00e9ho vod\u00edka. Jeho cie\u013eom je vytvori\u0165 prv\u00e9 plne integrovan\u00e9 vod\u00edkov\u00e9 \u00fadolie na Slovensku v Ko\u0161ickom kraji. Projekt ukazuje, ako m\u00f4\u017ee \u010dist\u00fd vod\u00edk podpori\u0165 ekologickej\u0161iu dopravu, udr\u017eate\u013en\u00fd priemysel, lep\u0161iu kvalitu ovzdu\u0161ia a v\u00e4\u010d\u0161iu energetick\u00fa nez\u00e1vislos\u0165 regi\u00f3nu.<\/p><p>\u00a0<\/p><p>V\u00fdroba vod\u00edka a technol\u00f3gie<br \/>Jadrom projektu je nov\u00e9 zariadenie na v\u00fdrobu obnovite\u013en\u00e9ho vod\u00edka v bl\u00edzkosti Ko\u0161\u00edc. Disponuje celkovou elektrolyz\u00e9rovou kapacitou 4 MW. Kombinovan\u00e9 s\u00fa alkalick\u00e1 a PEM technol\u00f3gia. Vyroben\u00fd zelen\u00fd vod\u00edk bude cestnou dopravou distribuovan\u00fd na \u0161tyri miesta v Ko\u0161ickom kraji. Bude sl\u00fa\u017ei\u0165 pre verejn\u00fa dopravu, komun\u00e1lne slu\u017eby, turistiku, letectvo aj priemysel.<\/p><p>\u00a0<\/p><p>Region\u00e1lny dosah: pracovn\u00e9 miesta a inov\u00e1cie<br \/>EASTGATEH2V nie je len o technol\u00f3gi\u00e1ch. Je aj o budovan\u00ed miestnej expert\u00edzy, tvorbe pracovn\u00fdch miest a podpore inov\u00e1ci\u00ed na v\u00fdchodnom Slovensku. Po\u010das realiz\u00e1cie projektu sa o\u010dak\u00e1va vznik minim\u00e1lne 700 nov\u00fdch pracovn\u00fdch miest. Z dlhodob\u00e9ho h\u013eadiska m\u00f4\u017ee vod\u00edkov\u00e9 hospod\u00e1rstvo v regi\u00f3ne vytvori\u0165 a\u017e 15 000 pracovn\u00fdch miest.<\/p><p>\u00a0<\/p><p>Environment\u00e1lne pr\u00ednosy a energetick\u00e1 nez\u00e1vislos\u0165<br \/>Vyu\u017e\u00edvanie zelen\u00e9ho vod\u00edka pom\u00f4\u017ee dekarbonizova\u0165 dopravu, priemysel aj energetiku. V\u00fdrazne sa t\u00fdm zlep\u0161\u00ed kvalita ovzdu\u0161ia a zn\u00ed\u017eia emisie. Projekt z\u00e1rove\u0148 posil\u0148uje energetick\u00fa nez\u00e1vislos\u0165 regi\u00f3nu. Zni\u017euje z\u00e1vislos\u0165 od fos\u00edlnych pal\u00edv a zvy\u0161uje odolnos\u0165 energetick\u00e9ho syst\u00e9mu.<\/p><p>\u00a0<\/p><p>Eur\u00f3psky rozmer a cezhrani\u010dn\u00e1 spolupr\u00e1ca<br \/>EASTGATEH2V je s\u00fa\u010das\u0165ou Stredoeur\u00f3pskeho vod\u00edkov\u00e9ho koridoru. Ide o cezhrani\u010dn\u00fa iniciat\u00edvu, ktor\u00e1 prep\u00e1ja obnovite\u013en\u00fd vod\u00edk z Ukrajiny cez Slovensko a \u010cesko a\u017e do Nemecka. Toto strategick\u00e9 prepojenie pom\u00e1ha diverzifikova\u0165 dod\u00e1vky energie v Eur\u00f3pe. Z\u00e1rove\u0148 ur\u00fdch\u013euje prechod E\u00da na \u010dist\u00fa energiu.<\/p>\t\t\t\t\t\t\t\t<\/div>\n\t\t\t\t\t<\/div>\n\t\t<\/div>\n\t\t\t\t<div class=\"elementor-column elementor-col-50 elementor-top-column elementor-element elementor-element-1f88d4e\" data-id=\"1f88d4e\" data-element_type=\"column\" data-settings=\"{&quot;background_background&quot;:&quot;classic&quot;}\">\n\t\t\t<div class=\"elementor-widget-wrap elementor-element-populated\">\n\t\t\t\t\t\t<div class=\"elementor-element elementor-element-b7d0761 elementor-widget elementor-widget-heading\" data-id=\"b7d0761\" data-element_type=\"widget\" data-widget_type=\"heading.default\">\n\t\t\t\t\t<h4 class=\"elementor-heading-title elementor-size-default\">Na\u0161e ciele<\/h4>\t\t\t\t<\/div>\n\t\t\t\t<div class=\"elementor-element elementor-element-cab99f0 elementor-widget elementor-widget-text-editor\" data-id=\"cab99f0\" data-element_type=\"widget\" data-widget_type=\"text-editor.default\">\n\t\t\t\t\t\t\t\t\t<ul><li>V\u00fdroba 4 MW obnovite\u013en\u00e9ho vod\u00edka (2 MW alkalick\u00e1 technol\u00f3gia + 2 MW PEM)<\/li><li>Nasadenie 40 vod\u00edkov\u00fdch autobusov v Ko\u0161iciach<\/li><li>Vod\u00edkov\u00e9 smetiarske vozidlo pre komun\u00e1lne slu\u017eby<\/li><li>Turistick\u00e1 lo\u010f s vod\u00edkov\u00fdm pohonom<\/li><li>Demon\u0161tr\u00e1cia VTOL lietadla na Letisku Ko\u0161ice<\/li><li>Priemyseln\u00e9 vyu\u017eitie vod\u00edka pre vysoko\u010dist\u00e9 technologick\u00e9 procesy<\/li><li>Minim\u00e1lne 700 nov\u00fdch pracovn\u00fdch miest po\u010das realiz\u00e1cie projektu<\/li><li>Potenci\u00e1l a\u017e 15 000 pracovn\u00fdch miest v\u010faka rozvoju vod\u00edkov\u00e9ho hospod\u00e1rstva v regi\u00f3ne<\/li><li>Cezhrani\u010dn\u00e9 vod\u00edkov\u00e9 prepojenia s Ukrajinou, \u010ceskom a Nemeckom<\/li><li>Zlep\u0161enie kvality ovzdu\u0161ia, zn\u00ed\u017eenie emisi\u00ed a vy\u0161\u0161ia energetick\u00e1 nez\u00e1vislos\u0165<\/li><\/ul>\t\t\t\t\t\t\t\t<\/div>\n\t\t\t\t\t<\/div>\n\t\t<\/div>\n\t\t\t\t\t<\/div>\n\t\t<\/section>\n\t\t\t\t<\/div>","protected":false},"excerpt":{"rendered":"<p>Menu About Methodology &#038; Objectives Methodology &amp; Objectives How is EASTGATEH2V building Slovakia\u2019s first Hydrogen Valley Clean Hydrogen for Eastern SlovakiaEASTGATEH2V brings together renewable hydrogen production, distribution and real-life applications to create Slovakia\u2019s first fully integrated Hydrogen Valley in the Ko\u0161ice region. The project demonstrates how clean hydrogen can support greener transport, sustainable industry, improved [&hellip;]<\/p>\n","protected":false},"author":1,"featured_media":0,"parent":0,"menu_order":0,"comment_status":"closed","ping_status":"closed","template":"elementor_canvas","meta":{"footnotes":""},"class_list":["post-287","page","type-page","status-publish","hentry"],"_links":{"self":[{"href":"https:\/\/www.eastgateh2v.eu\/sk\/wp-json\/wp\/v2\/pages\/287","targetHints":{"allow":["GET"]}}],"collection":[{"href":"https:\/\/www.eastgateh2v.eu\/sk\/wp-json\/wp\/v2\/pages"}],"about":[{"href":"https:\/\/www.eastgateh2v.eu\/sk\/wp-json\/wp\/v2\/types\/page"}],"author":[{"embeddable":true,"href":"https:\/\/www.eastgateh2v.eu\/sk\/wp-json\/wp\/v2\/users\/1"}],"replies":[{"embeddable":true,"href":"https:\/\/www.eastgateh2v.eu\/sk\/wp-json\/wp\/v2\/comments?post=287"}],"version-history":[{"count":16,"href":"https:\/\/www.eastgateh2v.eu\/sk\/wp-json\/wp\/v2\/pages\/287\/revisions"}],"predecessor-version":[{"id":317,"href":"https:\/\/www.eastgateh2v.eu\/sk\/wp-json\/wp\/v2\/pages\/287\/revisions\/317"}],"wp:attachment":[{"href":"https:\/\/www.eastgateh2v.eu\/sk\/wp-json\/wp\/v2\/media?parent=287"}],"curies":[{"name":"wp","href":"https:\/\/api.w.org\/{rel}","templated":true}]}}